{"id":1037,"date":"2025-10-25T15:01:46","date_gmt":"2025-10-25T13:01:46","guid":{"rendered":"http:\/\/localhost\/wordpress\/?page_id=1037"},"modified":"2026-02-07T15:02:04","modified_gmt":"2026-02-07T14:02:04","slug":"dsgvo","status":"publish","type":"page","link":"https:\/\/www.autosmaragd.at\/index.php\/dsgvo\/","title":{"rendered":"DSGVO"},"content":{"rendered":"\t\t<div data-elementor-type=\"wp-page\" data-elementor-id=\"1037\" class=\"elementor elementor-1037\">\n\t\t\t\t<div class=\"elementor-element elementor-element-e6ab4ff e-flex e-con-boxed wpr-particle-no wpr-jarallax-no wpr-parallax-no wpr-sticky-section-no e-con e-parent\" data-id=\"e6ab4ff\" data-element_type=\"container\" data-e-type=\"container\" data-settings=\"{&quot;background_background&quot;:&quot;classic&quot;}\">\n\t\t\t\t\t<div class=\"e-con-inner\">\n\t\t\t\t<div class=\"elementor-element elementor-element-57c456a elementor-widget elementor-widget-text-editor\" data-id=\"57c456a\" data-element_type=\"widget\" data-e-type=\"widget\" data-widget_type=\"text-editor.default\">\n\t\t\t\t\t\t\t\t\t<p><strong>Datenschutzerkl\u00e4rung<\/strong><\/p><p>Der Schutz Ihrer pers\u00f6nlichen Daten ist uns ein besonderes Anliegen. Wir verarbeiten Ihre Daten daher ausschlie\u00dflich auf Grundlage der gesetzlichen Bestimmungen (DSGVO, DSG). In dieser Datenschutzerkl\u00e4rung informieren wir Sie \u00fcber die wichtigsten Aspekte der Datenverarbeitung im Rahmen unserer Website.<\/p><ol><li><strong> Verantwortlicher<\/strong><\/li><\/ol><p>Verantwortlich f\u00fcr die Datenverarbeitung auf dieser Website ist:<\/p><p><strong>Smaragd Auto Detailing &amp; Autohandel<\/strong><br \/><strong><a href=\"https:\/\/www.google.com\/maps\/place\/data=!4m2!3m1!1s0x47739750b0e4076f:0x31043858679c4ce8?sa=X&amp;ved=1t:8290&amp;ictx=111\">Wegscheider Str. 22 <\/a><\/strong><br \/><strong>4020 Linz<\/strong><br \/><strong>\u00d6sterreich<\/strong><br \/><strong>Telefon:<\/strong> <strong><a href=\"https:\/\/www.google.com\/search?q=autosmaragd+autohandel&amp;oq=au&amp;gs_lcrp=EgZjaHJvbWUqCAgDEEUYJxg7MgYIABBFGDwyBggBEEUYPDIGCAIQRRg5MggIAxBFGCcYOzIGCAQQIxgnMgYIBRBFGDwyBggGEEUYPDIGCAcQRRg80gEIMjg4MGowajeoAgCwAgA&amp;sourceid=chrome&amp;ie=UTF-8\"><span aria-label=\"0676 3416425 anrufen\">0676 3416425<\/span><\/a><\/strong><br \/><strong>E-Mail:<\/strong> <strong>office@autosmaragd.at<\/strong><\/p><ol start=\"2\"><li><strong> Zugriffsdaten \/ Server-Logfiles<\/strong><\/li><\/ol><p>Der Hosting-Provider erhebt und speichert automatisch Informationen in sogenannten Server-Logfiles, die Ihr Browser automatisch \u00fcbermittelt. Dies sind z. B.:<\/p><ul><li>IP-Adresse des anfragenden Ger\u00e4ts<\/li><li>Datum und Uhrzeit der Anfrage<\/li><li>Browsertyp und Browserversion<\/li><li>verwendetes Betriebssystem<\/li><li>Referrer URL<\/li><\/ul><p>Diese Daten sind nicht bestimmten Personen zuordenbar und dienen der technischen \u00dcberwachung und Verbesserung der Website. Eine Zusammenf\u00fchrung dieser Daten mit anderen Datenquellen wird nicht vorgenommen.<\/p><p>Rechtsgrundlage: Art. 6 Abs. 1 lit. f DSGVO (berechtigtes Interesse an einem sicheren und stabilen Betrieb der Website).<\/p><ol start=\"3\"><li><strong> Kontaktformular<\/strong><\/li><\/ol><p>Wenn Sie uns per Kontaktformular Anfragen zukommen lassen, werden Ihre Angaben aus dem Formular inklusive der von Ihnen dort angegebenen Kontaktdaten (z. B. Name, E-Mail-Adresse, Nachricht) zwecks Bearbeitung der Anfrage und f\u00fcr den Fall von Anschlussfragen bei uns gespeichert.<\/p><p>Diese Daten geben wir nicht ohne Ihre Einwilligung weiter.<\/p><p>Rechtsgrundlage:<br \/>Art. 6 Abs. 1 lit. b DSGVO (Verarbeitung zur Durchf\u00fchrung vorvertraglicher Ma\u00dfnahmen)<br \/>bzw. Art. 6 Abs. 1 lit. f DSGVO (berechtigtes Interesse an der Bearbeitung Ihrer Anfrage).<\/p><p>Die Daten werden gel\u00f6scht, sobald sie f\u00fcr den Zweck der Bearbeitung nicht mehr erforderlich sind.<\/p><ol start=\"4\"><li><strong> Google Maps<\/strong><\/li><\/ol><p>Auf dieser Website nutzen wir den Kartendienst <strong>Google Maps<\/strong> der Google Ireland Limited, Gordon House, Barrow Street, Dublin 4, Irland.<\/p><p>Zur Nutzung der Funktionen von Google Maps ist es notwendig, Ihre IP-Adresse zu speichern. Diese Informationen werden in der Regel an einen Server von Google \u00fcbertragen und dort gespeichert. Wir haben keinen Einfluss auf diese Daten\u00fcbertragung.<\/p><p>Die Nutzung von Google Maps erfolgt im Interesse einer ansprechenden Darstellung unserer Online-Angebote und an einer leichten Auffindbarkeit unseres Standorts.<\/p><p>Rechtsgrundlage: Art. 6 Abs. 1 lit. f DSGVO (berechtigtes Interesse).<\/p><p>Mehr Informationen zum Umgang mit Nutzerdaten finden Sie in der Datenschutzerkl\u00e4rung von Google:<br \/><a href=\"https:\/\/policies.google.com\/privacy\">https:\/\/policies.google.com\/privacy<\/a><\/p><ol start=\"5\"><li><strong> Cookies<\/strong><\/li><\/ol><p>Unsere Website kann sogenannte Cookies verwenden. Cookies richten auf Ihrem Rechner keinen Schaden an und enthalten keine Viren. Sie dienen dazu, unser Angebot nutzerfreundlicher, effektiver und sicherer zu machen.<\/p><p>Sie k\u00f6nnen Ihren Browser so einstellen, dass Sie \u00fcber das Setzen von Cookies informiert werden und Cookies nur im Einzelfall erlauben.<\/p><ol start=\"6\"><li><strong> Ihre Rechte<\/strong><\/li><\/ol><p>Ihnen stehen grunds\u00e4tzlich folgende Rechte zu:<\/p><ul><li>Recht auf Auskunft<\/li><li>Recht auf Berichtigung<\/li><li>Recht auf L\u00f6schung<\/li><li>Recht auf Einschr\u00e4nkung der Verarbeitung<\/li><li>Recht auf Daten\u00fcbertragbarkeit<\/li><li>Recht auf Widerruf und Widerspruch gegen die Verarbeitung<\/li><\/ul><p>Wenn Sie glauben, dass die Verarbeitung Ihrer Daten gegen das Datenschutzrecht verst\u00f6\u00dft, haben Sie das Recht, sich bei der Aufsichtsbeh\u00f6rde zu beschweren. In \u00d6sterreich ist dies die Datenschutzbeh\u00f6rde.<\/p><p>\u00d6sterreichische Datenschutzbeh\u00f6rde<br \/>Barichgasse 40\u201342<br \/>1030 Wien<br \/><a href=\"https:\/\/www.dsb.gv.at\">https:\/\/www.dsb.gv.at<\/a><\/p><ol start=\"7\"><li><strong> \u00c4nderungen dieser Datenschutzerkl\u00e4rung<\/strong><\/li><\/ol><p>Wir behalten uns vor, diese Datenschutzerkl\u00e4rung bei Bedarf anzupassen, damit sie stets den aktuellen rechtlichen Anforderungen entspricht.<\/p><pre id=\"dsgvo-text\" style=\"background-color: black; font-family: arial; padding: 15px; border-radius: 10px; margin-top: 15px;\">\u00a0<\/pre>\t\t\t\t\t\t\t\t<\/div>\n\t\t\t\t\t<\/div>\n\t\t\t\t<\/div>\n\t\t\t\t<\/div>\n\t\t","protected":false},"excerpt":{"rendered":"<p>Datenschutzerkl\u00e4rung Der Schutz Ihrer pers\u00f6nlichen Daten ist uns ein besonderes Anliegen. Wir verarbeiten Ihre Daten daher ausschlie\u00dflich auf Grundlage der gesetzlichen Bestimmungen (DSGVO, DSG). In dieser Datenschutzerkl\u00e4rung informieren wir Sie \u00fcber die wichtigsten Aspekte der Datenverarbeitung im Rahmen unserer Website. Verantwortlicher Verantwortlich f\u00fcr die Datenverarbeitung auf dieser Website ist: Smaragd Auto Detailing &amp; AutohandelWegscheider Str. 22 4020 Linz\u00d6sterreichTelefon: 0676 3416425E-Mail: office@autosmaragd.at Zugriffsdaten \/ Server-Logfiles Der Hosting-Provider erhebt und speichert automatisch Informationen in sogenannten Server-Logfiles, die Ihr Browser automatisch \u00fcbermittelt. Dies sind z. B.: IP-Adresse des anfragenden Ger\u00e4ts Datum und Uhrzeit der Anfrage Browsertyp und Browserversion verwendetes Betriebssystem Referrer URL Diese Daten sind nicht bestimmten Personen zuordenbar und dienen der technischen \u00dcberwachung und Verbesserung der Website. Eine Zusammenf\u00fchrung dieser Daten mit anderen Datenquellen wird nicht vorgenommen. Rechtsgrundlage: Art. 6 Abs. 1 lit. f DSGVO (berechtigtes Interesse an einem sicheren und stabilen Betrieb der Website). Kontaktformular Wenn Sie uns per Kontaktformular Anfragen zukommen lassen, werden Ihre Angaben aus dem Formular inklusive der von Ihnen dort angegebenen Kontaktdaten (z. B. Name, E-Mail-Adresse, Nachricht) zwecks Bearbeitung der Anfrage und f\u00fcr den Fall von Anschlussfragen bei uns gespeichert. Diese Daten geben wir nicht ohne Ihre Einwilligung weiter. Rechtsgrundlage:Art. 6 Abs. 1 lit. b DSGVO (Verarbeitung zur Durchf\u00fchrung vorvertraglicher Ma\u00dfnahmen)bzw. Art. 6 Abs. 1 lit. f DSGVO (berechtigtes Interesse an der Bearbeitung Ihrer Anfrage). Die Daten werden gel\u00f6scht, sobald sie f\u00fcr den Zweck der Bearbeitung nicht mehr erforderlich sind. Google Maps Auf dieser Website nutzen wir den Kartendienst Google Maps der Google Ireland Limited, Gordon House, Barrow Street, Dublin 4, Irland. Zur Nutzung der Funktionen von Google Maps ist es notwendig, Ihre IP-Adresse zu speichern. Diese Informationen werden in der Regel an einen Server von Google \u00fcbertragen und dort gespeichert. Wir haben keinen Einfluss auf diese Daten\u00fcbertragung. Die Nutzung von Google Maps erfolgt im Interesse einer ansprechenden Darstellung unserer Online-Angebote und an einer leichten Auffindbarkeit unseres Standorts. Rechtsgrundlage: Art. 6 Abs. 1 lit. f DSGVO (berechtigtes Interesse). Mehr Informationen zum Umgang mit Nutzerdaten finden Sie in der Datenschutzerkl\u00e4rung von Google:https:\/\/policies.google.com\/privacy Cookies Unsere Website kann sogenannte Cookies verwenden. Cookies richten auf Ihrem Rechner keinen Schaden an und enthalten keine Viren. Sie dienen dazu, unser Angebot nutzerfreundlicher, effektiver und sicherer zu machen. Sie k\u00f6nnen Ihren Browser so einstellen, dass Sie \u00fcber das Setzen von Cookies informiert werden und Cookies nur im Einzelfall erlauben. Ihre Rechte Ihnen stehen grunds\u00e4tzlich folgende Rechte zu: Recht auf Auskunft Recht auf Berichtigung Recht auf L\u00f6schung Recht auf Einschr\u00e4nkung der Verarbeitung Recht auf Daten\u00fcbertragbarkeit Recht auf Widerruf und Widerspruch gegen die Verarbeitung Wenn Sie glauben, dass die Verarbeitung Ihrer Daten gegen das Datenschutzrecht verst\u00f6\u00dft, haben Sie das Recht, sich bei der Aufsichtsbeh\u00f6rde zu beschweren. In \u00d6sterreich ist dies die Datenschutzbeh\u00f6rde. \u00d6sterreichische Datenschutzbeh\u00f6rdeBarichgasse 40\u2013421030 Wienhttps:\/\/www.dsb.gv.at \u00c4nderungen dieser Datenschutzerkl\u00e4rung Wir behalten uns vor, diese Datenschutzerkl\u00e4rung bei Bedarf anzupassen, damit sie stets den aktuellen rechtlichen Anforderungen entspricht. \u00a0<\/p>\n","protected":false},"author":1,"featured_media":0,"parent":0,"menu_order":0,"comment_status":"closed","ping_status":"closed","template":"","meta":{"site-sidebar-layout":"no-sidebar","site-content-layout":"","ast-site-content-layout":"full-width-container","site-content-style":"default","site-sidebar-style":"default","ast-global-header-display":"","ast-banner-title-visibility":"","ast-main-header-display":"","ast-hfb-above-header-display":"","ast-hfb-below-header-display":"","ast-hfb-mobile-header-display":"","site-post-title":"disabled","ast-breadcrumbs-content":"","ast-featured-img":"disabled","footer-sml-layout":"","ast-disable-related-posts":"","theme-transparent-header-meta":"","adv-header-id-meta":"","stick-header-meta":"","header-above-stick-meta":"","header-main-stick-meta":"","header-below-stick-meta":"","astra-migrate-meta-layouts":"default","ast-page-background-enabled":"default","ast-page-background-meta":{"desktop":{"background-color":"var(--ast-global-color-5)","background-image":"","background-repeat":"repeat","background-position":"center center","background-size":"auto","background-attachment":"scroll","background-type":"","background-media":"","overlay-type":"","overlay-color":"","overlay-opacity":"","overlay-gradient":""},"tablet":{"background-color":"","background-image":"","background-repeat":"repeat","background-position":"center center","background-size":"auto","background-attachment":"scroll","background-type":"","background-media":"","overlay-type":"","overlay-color":"","overlay-opacity":"","overlay-gradient":""},"mobile":{"background-color":"","background-image":"","background-repeat":"repeat","background-position":"center center","background-size":"auto","background-attachment":"scroll","background-type":"","background-media":"","overlay-type":"","overlay-color":"","overlay-opacity":"","overlay-gradient":""}},"ast-content-background-meta":{"desktop":{"background-color":"var(--ast-global-color-4)","background-image":"","background-repeat":"repeat","background-position":"center center","background-size":"auto","background-attachment":"scroll","background-type":"","background-media":"","overlay-type":"","overlay-color":"","overlay-opacity":"","overlay-gradient":""},"tablet":{"background-color":"var(--ast-global-color-4)","background-image":"","background-repeat":"repeat","background-position":"center center","background-size":"auto","background-attachment":"scroll","background-type":"","background-media":"","overlay-type":"","overlay-color":"","overlay-opacity":"","overlay-gradient":""},"mobile":{"background-color":"var(--ast-global-color-4)","background-image":"","background-repeat":"repeat","background-position":"center center","background-size":"auto","background-attachment":"scroll","background-type":"","background-media":"","overlay-type":"","overlay-color":"","overlay-opacity":"","overlay-gradient":""}},"footnotes":""},"class_list":["post-1037","page","type-page","status-publish","hentry"],"_links":{"self":[{"href":"https:\/\/www.autosmaragd.at\/index.php\/wp-json\/wp\/v2\/pages\/1037","targetHints":{"allow":["GET"]}}],"collection":[{"href":"https:\/\/www.autosmaragd.at\/index.php\/wp-json\/wp\/v2\/pages"}],"about":[{"href":"https:\/\/www.autosmaragd.at\/index.php\/wp-json\/wp\/v2\/types\/page"}],"author":[{"embeddable":true,"href":"https:\/\/www.autosmaragd.at\/index.php\/wp-json\/wp\/v2\/users\/1"}],"replies":[{"embeddable":true,"href":"https:\/\/www.autosmaragd.at\/index.php\/wp-json\/wp\/v2\/comments?post=1037"}],"version-history":[{"count":14,"href":"https:\/\/www.autosmaragd.at\/index.php\/wp-json\/wp\/v2\/pages\/1037\/revisions"}],"predecessor-version":[{"id":1699,"href":"https:\/\/www.autosmaragd.at\/index.php\/wp-json\/wp\/v2\/pages\/1037\/revisions\/1699"}],"wp:attachment":[{"href":"https:\/\/www.autosmaragd.at\/index.php\/wp-json\/wp\/v2\/media?parent=1037"}],"curies":[{"name":"wp","href":"https:\/\/api.w.org\/{rel}","templated":true}]}}